{"id":245223,"date":"2021-11-10T16:34:28","date_gmt":"2021-11-10T16:34:28","guid":{"rendered":"https:\/\/nivimu.com\/gerencia-e-organiza-seus-recursos\/"},"modified":"2021-11-10T16:34:33","modified_gmt":"2021-11-10T16:34:33","slug":"gerencia-e-organiza-seus-recursos","status":"publish","type":"page","link":"https:\/\/nivimu.com\/pt-pt\/gerencia-e-organiza-seus-recursos\/","title":{"rendered":"Gerencia e organiza seus recursos"},"content":{"rendered":"<p>[et_pb_section fb_built=&#8221;1&#8243; admin_label=&#8221;Secci\u00f3n&#8221; _builder_version=&#8221;4.9.4&#8243; _module_preset=&#8221;default&#8221; background_enable_image=&#8221;off&#8221; parallax=&#8221;on&#8221; parallax_method=&#8221;off&#8221; custom_padding=&#8221;30px||4vh||false|false&#8221; da_disable_devices=&#8221;off|off|off&#8221; locked=&#8221;off&#8221; global_colors_info=&#8221;{}&#8221; theme_builder_area=&#8221;post_content&#8221; da_is_popup=&#8221;off&#8221; da_exit_intent=&#8221;off&#8221; da_has_close=&#8221;on&#8221; da_alt_close=&#8221;off&#8221; da_dark_close=&#8221;off&#8221; da_not_modal=&#8221;on&#8221; da_is_singular=&#8221;off&#8221; da_with_loader=&#8221;off&#8221; da_has_shadow=&#8221;on&#8221;][et_pb_row column_structure=&#8221;2_5,3_5&#8243; make_equal=&#8221;on&#8221; _builder_version=&#8221;4.10.5&#8243; _module_preset=&#8221;default&#8221; background_enable_image=&#8221;off&#8221; background_size=&#8221;contain&#8221; background_position=&#8221;center_right&#8221; z_index=&#8221;5&#8243; max_width=&#8221;1200px&#8221; custom_padding=&#8221;0px||0px|||&#8221; background_last_edited=&#8221;on|tablet&#8221; background_enable_image_tablet=&#8221;off&#8221; custom_css_main_element=&#8221;align-items: center;&#8221; global_colors_info=&#8221;{}&#8221; theme_builder_area=&#8221;post_content&#8221;][et_pb_column type=&#8221;2_5&#8243; _builder_version=&#8221;4.10.5&#8243; _module_preset=&#8221;default&#8221; custom_padding=&#8221;||||false|true&#8221; global_colors_info=&#8221;{}&#8221; theme_builder_area=&#8221;post_content&#8221;][et_pb_text _builder_version=&#8221;4.10.5&#8243; _module_preset=&#8221;default&#8221; text_text_color=&#8221;#6BC8F1&#8243; text_font_size=&#8221;24px&#8221; custom_margin=&#8221;0px||14px||false|false&#8221; text_font_size_last_edited=&#8221;off|desktop&#8221; locked=&#8221;off&#8221; global_colors_info=&#8221;{}&#8221; theme_builder_area=&#8221;post_content&#8221;]<\/p>\n<p>Gerencia e organiza seus recursos<\/p>\n<p>[\/et_pb_text][et_pb_text _builder_version=&#8221;4.9.10&#8243; _module_preset=&#8221;default&#8221; custom_margin=&#8221;1vh||14px||false|false&#8221; locked=&#8221;off&#8221; global_colors_info=&#8221;{}&#8221; theme_builder_area=&#8221;post_content&#8221;]<\/p>\n<h1>A solu\u00e7\u00e3o que estava procurando<\/h1>\n<p>[\/et_pb_text][et_pb_text _builder_version=&#8221;4.9.10&#8243; _module_preset=&#8221;default&#8221; locked=&#8221;off&#8221; global_colors_info=&#8221;{}&#8221; theme_builder_area=&#8221;post_content&#8221;]<\/p>\n<p>Centralize tudo relacionado \u00e0 gest\u00e3o de pessoal em um s\u00f3 lugar. Nivimu \u00e9 o aplicativo com o qual voc\u00ea poder\u00e1 configurar o hor\u00e1rio de trabalho dos funcion\u00e1rios e ter todas as informa\u00e7\u00f5es sobre o quadro de funcion\u00e1rios da empresa. \u00a0<\/p>\n<p>[\/et_pb_text][et_pb_button button_url=&#8221;@ET-DC@eyJkeW5hbWljIjp0cnVlLCJjb250ZW50IjoicG9zdF9saW5rX3VybF9wYWdlIiwic2V0dGluZ3MiOnsicG9zdF9pZCI6IjIyMzcyNyJ9fQ==@&#8221; button_text=&#8221;Solicite uma demo&#8221; _builder_version=&#8221;4.9.10&#8243; _dynamic_attributes=&#8221;button_url&#8221; _module_preset=&#8221;default&#8221; button_text_color=&#8221;#FFFFFF&#8221; button_bg_color=&#8221;gcid-d3ade49f-f71f-4d42-a3c0-f2924a56be9e&#8221; button_border_color=&#8221;#0084C9&#8243; button_use_icon=&#8221;off&#8221; custom_margin=&#8221;||1px|||&#8221; custom_padding=&#8221;10px|35px|10px|35px|true|true&#8221; locked=&#8221;off&#8221; global_colors_info=&#8221;{%22gcid-9dfe0a6d-20a8-4291-8820-1351c6bb0d01%22:%91%93,%22gcid-46cdcafe-6fcc-491e-afc5-332a3e26793d%22:%91%93,%22gcid-d3ade49f-f71f-4d42-a3c0-f2924a56be9e%22:%91%22button_border_color__hover%22,%22button_bg_color%22,%22button_text_color__hover%22%93}&#8221; button_bg_color__hover_enabled=&#8221;on|hover&#8221; button_bg_color__hover=&#8221;RGBA(0,0,0,0)&#8221; button_bg_enable_color__hover=&#8221;on&#8221; button_text_color__hover_enabled=&#8221;on|hover&#8221; button_text_color__hover=&#8221;#0084c9&#8243; button_border_color__hover_enabled=&#8221;on|desktop&#8221; button_border_color__hover=&#8221;#0084c9&#8243; theme_builder_area=&#8221;post_content&#8221;][\/et_pb_button][\/et_pb_column][et_pb_column type=&#8221;3_5&#8243; _builder_version=&#8221;4.10.5&#8243; _module_preset=&#8221;default&#8221; background_enable_image=&#8221;off&#8221; custom_padding=&#8221;40px||40px||true|false&#8221; global_colors_info=&#8221;{}&#8221; theme_builder_area=&#8221;post_content&#8221;][et_pb_image src=&#8221;https:\/\/nivimu.com\/wp-content\/uploads\/2021\/09\/gestiona-recursos-informe-horario.png&#8221; title_text=&#8221;gerencia-recursos-relat\u00f3rio-cronograma&#8221; _builder_version=&#8221;4.10.7&#8243; _module_preset=&#8221;default&#8221; global_colors_info=&#8221;{}&#8221; theme_builder_area=&#8221;post_content&#8221;][\/et_pb_image][\/et_pb_column][\/et_pb_row][\/et_pb_section][et_pb_section fb_built=&#8221;1&#8243; admin_label=&#8221;Secci\u00f3n&#8221; _builder_version=&#8221;4.9.4&#8243; _module_preset=&#8221;default&#8221; background_enable_color=&#8221;off&#8221; custom_padding=&#8221;10vh||2vh||false|false&#8221; bottom_divider_height=&#8221;70px&#8221; da_disable_devices=&#8221;off|off|off&#8221; locked=&#8221;off&#8221; global_colors_info=&#8221;{}&#8221; theme_builder_area=&#8221;post_content&#8221; da_is_popup=&#8221;off&#8221; da_exit_intent=&#8221;off&#8221; da_has_close=&#8221;on&#8221; da_alt_close=&#8221;off&#8221; da_dark_close=&#8221;off&#8221; da_not_modal=&#8221;on&#8221; da_is_singular=&#8221;off&#8221; da_with_loader=&#8221;off&#8221; da_has_shadow=&#8221;on&#8221;][et_pb_row column_structure=&#8221;3_5,2_5&#8243; make_equal=&#8221;on&#8221; module_class=&#8221;custom-row&#8221; _builder_version=&#8221;4.10.5&#8243; _module_preset=&#8221;default&#8221; max_width=&#8221;1200px&#8221; custom_margin=&#8221;||10vh||false|false&#8221; custom_css_main_element=&#8221;align-items: center;&#8221; global_colors_info=&#8221;{}&#8221; theme_builder_area=&#8221;post_content&#8221;][et_pb_column type=&#8221;3_5&#8243; module_class=&#8221;second-on-mobile&#8221; _builder_version=&#8221;4.10.5&#8243; _module_preset=&#8221;default&#8221; global_colors_info=&#8221;{}&#8221; theme_builder_area=&#8221;post_content&#8221;][et_pb_image src=&#8221;https:\/\/nivimu.com\/wp-content\/uploads\/2021\/09\/gestion-de-personal-nivimu.png&#8221; title_text=&#8221;gest\u00e3o-de-pessoal-nivimu&#8221; align=&#8221;center&#8221; _builder_version=&#8221;4.10.7&#8243; _module_preset=&#8221;default&#8221; animation_style=&#8221;zoom&#8221; global_colors_info=&#8221;{}&#8221; theme_builder_area=&#8221;post_content&#8221;][\/et_pb_image][\/et_pb_column][et_pb_column type=&#8221;2_5&#8243; module_class=&#8221;first-on-mobile&#8221; _builder_version=&#8221;4.10.5&#8243; _module_preset=&#8221;default&#8221; global_colors_info=&#8221;{}&#8221; theme_builder_area=&#8221;post_content&#8221;][et_pb_text _builder_version=&#8221;4.9.10&#8243; _module_preset=&#8221;default&#8221; header_text_color=&#8221;gcid-90fc0e85-25a9-41fe-9a71-4d2feb241054&#8243; header_2_text_align=&#8221;left&#8221; header_2_text_color=&#8221;gcid-90fc0e85-25a9-41fe-9a71-4d2feb241054&#8243; text_orientation=&#8221;center&#8221; custom_margin=&#8221;||||false|false&#8221; locked=&#8221;off&#8221; global_colors_info=&#8221;{%22gcid-90fc0e85-25a9-41fe-9a71-4d2feb241054%22:%91%22header_text_color%22,%22header_2_text_color%22,%22header_text_color%22,%22header_2_text_color%22,%22header_text_color%22,%22header_2_text_color%22,%22header_text_color%22,%22header_2_text_color%22,%22header_text_color%22,%22header_2_text_color%22%93}&#8221; theme_builder_area=&#8221;post_content&#8221;]<\/p>\n<h2>Gest\u00e3o de pessoal<\/h2>\n<p>[\/et_pb_text][et_pb_text _builder_version=&#8221;4.9.10&#8243; _module_preset=&#8221;default&#8221; global_colors_info=&#8221;{}&#8221; theme_builder_area=&#8221;post_content&#8221;]<\/p>\n<p>Organize tudo relacionado \u00e0 for\u00e7a de trabalho da empresa a partir de um \u00fanico portal. Encontre as informa\u00e7\u00f5es de que voc\u00ea precisa sobre seus funcion\u00e1rios: turnos, folha de pagamento, treinamento &#8230; tudo a apenas alguns cliques de dist\u00e2ncia!\u00a0<\/p>\n<p>[\/et_pb_text][et_pb_button button_url=&#8221;@ET-DC@eyJkeW5hbWljIjp0cnVlLCJjb250ZW50IjoicG9zdF9saW5rX3VybF9wYWdlIiwic2V0dGluZ3MiOnsicG9zdF9pZCI6IjQ5NTMifX0=@&#8221; button_text=&#8221;Descubra agora&#8221; _builder_version=&#8221;4.10.5&#8243; _dynamic_attributes=&#8221;button_url&#8221; _module_preset=&#8221;default&#8221; button_text_color=&#8221;#FFFFFF&#8221; button_bg_color=&#8221;gcid-d3ade49f-f71f-4d42-a3c0-f2924a56be9e&#8221; button_border_color=&#8221;#0084C9&#8243; button_use_icon=&#8221;off&#8221; custom_margin=&#8221;50px||||false|false&#8221; custom_margin_tablet=&#8221;||30px||false|false&#8221; custom_margin_phone=&#8221;&#8221; custom_margin_last_edited=&#8221;on|tablet&#8221; custom_padding=&#8221;10px|35px|10px|35px|true|true&#8221; locked=&#8221;off&#8221; global_colors_info=&#8221;{%22gcid-9dfe0a6d-20a8-4291-8820-1351c6bb0d01%22:%91%93,%22gcid-46cdcafe-6fcc-491e-afc5-332a3e26793d%22:%91%93,%22gcid-d3ade49f-f71f-4d42-a3c0-f2924a56be9e%22:%91%22button_border_color__hover%22,%22button_bg_color%22,%22button_text_color__hover%22%93}&#8221; button_bg_color__hover_enabled=&#8221;on|hover&#8221; button_bg_color__hover=&#8221;RGBA(0,0,0,0)&#8221; button_bg_enable_color__hover=&#8221;on&#8221; button_text_color__hover_enabled=&#8221;on|hover&#8221; button_text_color__hover=&#8221;#0084c9&#8243; button_border_color__hover_enabled=&#8221;on|desktop&#8221; button_border_color__hover=&#8221;#0084c9&#8243; theme_builder_area=&#8221;post_content&#8221;][\/et_pb_button][\/et_pb_column][\/et_pb_row][et_pb_row column_structure=&#8221;2_5,3_5&#8243; make_equal=&#8221;on&#8221; module_class=&#8221;custom-row&#8221; _builder_version=&#8221;4.10.5&#8243; _module_preset=&#8221;default&#8221; max_width=&#8221;1200px&#8221; custom_margin=&#8221;||10vh||false|false&#8221; custom_css_main_element=&#8221;align-items: center;&#8221; global_colors_info=&#8221;{}&#8221; theme_builder_area=&#8221;post_content&#8221;][et_pb_column type=&#8221;2_5&#8243; module_class=&#8221;first-on-mobile&#8221; _builder_version=&#8221;4.10.5&#8243; _module_preset=&#8221;default&#8221; global_colors_info=&#8221;{}&#8221; theme_builder_area=&#8221;post_content&#8221;][et_pb_text _builder_version=&#8221;4.9.10&#8243; _module_preset=&#8221;default&#8221; header_text_color=&#8221;gcid-90fc0e85-25a9-41fe-9a71-4d2feb241054&#8243; header_2_text_align=&#8221;left&#8221; header_2_text_color=&#8221;gcid-90fc0e85-25a9-41fe-9a71-4d2feb241054&#8243; text_orientation=&#8221;center&#8221; custom_margin=&#8221;||||false|false&#8221; locked=&#8221;off&#8221; global_colors_info=&#8221;{%22gcid-90fc0e85-25a9-41fe-9a71-4d2feb241054%22:%91%22header_text_color%22,%22header_2_text_color%22,%22header_text_color%22,%22header_2_text_color%22,%22header_text_color%22,%22header_2_text_color%22,%22header_text_color%22,%22header_2_text_color%22,%22header_text_color%22,%22header_2_text_color%22%93}&#8221; theme_builder_area=&#8221;post_content&#8221;]<\/p>\n<h2>Controle e registro da jornada de trabalho<\/h2>\n<p>[\/et_pb_text][et_pb_text _builder_version=&#8221;4.9.10&#8243; _module_preset=&#8221;default&#8221; global_colors_info=&#8221;{}&#8221; theme_builder_area=&#8221;post_content&#8221;]<\/p>\n<p>Gerencie de um \u00fanico portal, todas as informa\u00e7\u00f5es sobre o controle de hor\u00e1rio de seus funcion\u00e1rio. Gerencie seus pontos e receba um relat\u00f3rio com as horas que cada trabalhador realizou.\u00a0<\/p>\n<p>[\/et_pb_text][et_pb_button button_url=&#8221;@ET-DC@eyJkeW5hbWljIjp0cnVlLCJjb250ZW50IjoicG9zdF9saW5rX3VybF9wYWdlIiwic2V0dGluZ3MiOnsicG9zdF9pZCI6IjQ5NTIifX0=@&#8221; button_text=&#8221;Descubra agora&#8221; _builder_version=&#8221;4.10.5&#8243; _dynamic_attributes=&#8221;button_url&#8221; _module_preset=&#8221;default&#8221; button_text_color=&#8221;#FFFFFF&#8221; button_bg_color=&#8221;gcid-d3ade49f-f71f-4d42-a3c0-f2924a56be9e&#8221; button_border_color=&#8221;#0084C9&#8243; button_use_icon=&#8221;off&#8221; custom_margin=&#8221;50px||||false|false&#8221; custom_padding=&#8221;10px|35px|10px|35px|true|true&#8221; locked=&#8221;off&#8221; global_colors_info=&#8221;{%22gcid-9dfe0a6d-20a8-4291-8820-1351c6bb0d01%22:%91%93,%22gcid-46cdcafe-6fcc-491e-afc5-332a3e26793d%22:%91%93,%22gcid-d3ade49f-f71f-4d42-a3c0-f2924a56be9e%22:%91%22button_border_color__hover%22,%22button_bg_color%22,%22button_text_color__hover%22%93}&#8221; button_bg_color__hover_enabled=&#8221;on|hover&#8221; button_bg_color__hover=&#8221;RGBA(0,0,0,0)&#8221; button_bg_enable_color__hover=&#8221;on&#8221; button_text_color__hover_enabled=&#8221;on|hover&#8221; button_text_color__hover=&#8221;#0084c9&#8243; button_border_color__hover_enabled=&#8221;on|desktop&#8221; button_border_color__hover=&#8221;#0084c9&#8243; theme_builder_area=&#8221;post_content&#8221;][\/et_pb_button][\/et_pb_column][et_pb_column type=&#8221;3_5&#8243; module_class=&#8221;second-on-mobile&#8221; _builder_version=&#8221;4.10.5&#8243; _module_preset=&#8221;default&#8221; global_colors_info=&#8221;{}&#8221; theme_builder_area=&#8221;post_content&#8221;][et_pb_image src=&#8221;https:\/\/nivimu.com\/wp-content\/uploads\/2021\/09\/registro-jornada-laboral.png&#8221; title_text=&#8221;registro-jornada-laboral&#8221; align=&#8221;center&#8221; _builder_version=&#8221;4.10.7&#8243; _module_preset=&#8221;default&#8221; animation_style=&#8221;zoom&#8221; global_colors_info=&#8221;{}&#8221; theme_builder_area=&#8221;post_content&#8221;][\/et_pb_image][\/et_pb_column][\/et_pb_row][\/et_pb_section][et_pb_section fb_built=&#8221;1&#8243; custom_padding_last_edited=&#8221;on|phone&#8221; admin_label=&#8221;Secci\u00f3n&#8221; module_id=&#8221;formul\u00e1rio&#8221; _builder_version=&#8221;4.11.3&#8243; _module_preset=&#8221;default&#8221; background_color=&#8221;#6BC8F1&#8243; use_background_color_gradient=&#8221;on&#8221; background_color_gradient_start=&#8221;#0084c9&#8243; background_color_gradient_end=&#8221;#2e3b67&#8243; background_color_gradient_direction=&#8221;160deg&#8221; background_enable_image=&#8221;off&#8221; parallax=&#8221;on&#8221; custom_padding=&#8221;18vh||10vh||false|false&#8221; custom_padding_tablet=&#8221;14vh||||false|false&#8221; custom_padding_phone=&#8221;12vh||||false|false&#8221; top_divider_style=&#8221;curve&#8221; top_divider_color=&#8221;gcid-6987e8b4-104a-4df4-a40b-dc119ce8423e&#8221; top_divider_height=&#8221;40px&#8221; top_divider_style_tablet=&#8221;&#8221; top_divider_style_phone=&#8221;&#8221; top_divider_style_last_edited=&#8221;on|phone&#8221; da_popup_slug=&#8221;formulario&#8221; da_disable_devices=&#8221;off|off|off&#8221; global_module=&#8221;243010&#8243; saved_tabs=&#8221;all&#8221; locked=&#8221;off&#8221; global_colors_info=&#8221;{%22gcid-6987e8b4-104a-4df4-a40b-dc119ce8423e%22:%91%22top_divider_color%22%93}&#8221; theme_builder_area=&#8221;post_content&#8221; da_is_popup=&#8221;off&#8221; da_exit_intent=&#8221;off&#8221; da_has_close=&#8221;on&#8221; da_alt_close=&#8221;off&#8221; da_dark_close=&#8221;off&#8221; da_not_modal=&#8221;on&#8221; da_is_singular=&#8221;off&#8221; da_with_loader=&#8221;off&#8221; da_has_shadow=&#8221;on&#8221;][et_pb_row column_structure=&#8221;1_2,1_2&#8243; use_custom_gutter=&#8221;on&#8221; gutter_width=&#8221;4&#8243; make_equal=&#8221;on&#8221; _builder_version=&#8221;4.9.10&#8243; _module_preset=&#8221;default&#8221; max_width=&#8221;1180px&#8221; custom_padding=&#8221;0px||0px|||&#8221; custom_css_main_element=&#8221;align-items: center;&#8221; global_colors_info=&#8221;{}&#8221; theme_builder_area=&#8221;post_content&#8221;][et_pb_column type=&#8221;1_2&#8243; _builder_version=&#8221;4.9.4&#8243; _module_preset=&#8221;default&#8221; global_colors_info=&#8221;{}&#8221; theme_builder_area=&#8221;post_content&#8221;][et_pb_text _builder_version=&#8221;4.9.10&#8243; _module_preset=&#8221;default&#8221; header_2_text_color=&#8221;#FFFFFF&#8221; custom_margin=&#8221;||4px|||&#8221; global_colors_info=&#8221;{}&#8221; theme_builder_area=&#8221;post_content&#8221;]<\/p>\n<h2>Descubra Nivimu pelas m\u00e3os de nossos especialistas!<\/h2>\n<p>[\/et_pb_text][et_pb_text _builder_version=&#8221;4.9.10&#8243; _module_preset=&#8221;default&#8221; text_text_color=&#8221;#FFFFFF&#8221; custom_margin=&#8221;||29px|||&#8221; global_colors_info=&#8221;{}&#8221; theme_builder_area=&#8221;post_content&#8221;]<\/p>\n<p class=\"%22additional-text%22\">Em apenas 30 minutos, iremos gui\u00e1-lo atrav\u00e9s da nossa solu\u00e7\u00e3o e resolver quaisquer d\u00favidas que possam surgir ao longo do caminho.\u00a0<\/p>\n<p>[\/et_pb_text][et_pb_blurb image=&#8221;https:\/\/nivimu.com\/wp-content\/uploads\/2021\/08\/check-white-1.svg&#8221; icon_placement=&#8221;left&#8221; _builder_version=&#8221;4.10.5&#8243; _dynamic_attributes=&#8221;link_option_url&#8221; _module_preset=&#8221;default&#8221; body_text_align=&#8221;left&#8221; body_text_color=&#8221;#FFFFFF&#8221; body_font_size=&#8221;18px&#8221; custom_margin=&#8221;||16px|||&#8221; link_option_url=&#8221;@ET-DC@eyJkeW5hbWljIjp0cnVlLCJjb250ZW50IjoicG9zdF9saW5rX3VybF9wYWdlIiwic2V0dGluZ3MiOnsicG9zdF9pZCI6IjEzOSJ9fQ==@&#8221; locked=&#8221;off&#8221; global_colors_info=&#8221;{}&#8221; custom_css_blurb_image_last_edited=&#8221;on|phone&#8221; custom_css_blurb_image_tablet=&#8221;width:25px;&#8221; custom_css_blurb_image_phone=&#8221;width:20px;&#8221; theme_builder_area=&#8221;post_content&#8221;]<\/p>\n<p>Apresenta\u00e7\u00e3o do software<\/p>\n<p>[\/et_pb_blurb][et_pb_blurb image=&#8221;https:\/\/nivimu.com\/wp-content\/uploads\/2021\/08\/check-white-1.svg&#8221; icon_placement=&#8221;left&#8221; _builder_version=&#8221;4.10.5&#8243; _dynamic_attributes=&#8221;link_option_url&#8221; _module_preset=&#8221;default&#8221; body_text_align=&#8221;left&#8221; body_text_color=&#8221;#FFFFFF&#8221; body_font_size=&#8221;18px&#8221; custom_margin=&#8221;||16px|||&#8221; link_option_url=&#8221;@ET-DC@eyJkeW5hbWljIjp0cnVlLCJjb250ZW50IjoicG9zdF9saW5rX3VybF9wYWdlIiwic2V0dGluZ3MiOnsicG9zdF9pZCI6IjEzOSJ9fQ==@&#8221; locked=&#8221;off&#8221; global_colors_info=&#8221;{}&#8221; custom_css_blurb_image_last_edited=&#8221;on|phone&#8221; custom_css_blurb_image_tablet=&#8221;width:25px;&#8221; custom_css_blurb_image_phone=&#8221;width:20px;&#8221; theme_builder_area=&#8221;post_content&#8221;]<\/p>\n<p>Vantagens para seu neg\u00f3cio<\/p>\n<p>[\/et_pb_blurb][et_pb_blurb image=&#8221;https:\/\/nivimu.com\/wp-content\/uploads\/2021\/08\/check-white-1.svg&#8221; icon_placement=&#8221;left&#8221; _builder_version=&#8221;4.10.5&#8243; _dynamic_attributes=&#8221;link_option_url&#8221; _module_preset=&#8221;default&#8221; body_text_align=&#8221;left&#8221; body_text_color=&#8221;#FFFFFF&#8221; body_font_size=&#8221;18px&#8221; custom_margin=&#8221;||16px|||&#8221; link_option_url=&#8221;@ET-DC@eyJkeW5hbWljIjp0cnVlLCJjb250ZW50IjoicG9zdF9saW5rX3VybF9wYWdlIiwic2V0dGluZ3MiOnsicG9zdF9pZCI6IjEzOSJ9fQ==@&#8221; locked=&#8221;off&#8221; global_colors_info=&#8221;{}&#8221; custom_css_blurb_image_last_edited=&#8221;on|phone&#8221; custom_css_blurb_image_tablet=&#8221;width:25px;&#8221; custom_css_blurb_image_phone=&#8221;width:20px;&#8221; theme_builder_area=&#8221;post_content&#8221;]<\/p>\n<p>Personaliza\u00e7\u00e3o \u00e0 sua medida<\/p>\n<p>[\/et_pb_blurb][\/et_pb_column][et_pb_column type=&#8221;1_2&#8243; _builder_version=&#8221;4.9.4&#8243; _module_preset=&#8221;default&#8221; global_colors_info=&#8221;{}&#8221; theme_builder_area=&#8221;post_content&#8221;][et_pb_text _builder_version=&#8221;4.10.7&#8243; _module_preset=&#8221;default&#8221; text_font_size=&#8221;15px&#8221; background_color=&#8221;#FFFFFF&#8221; custom_margin=&#8221;|4%||4%|false|true&#8221; custom_margin_tablet=&#8221;&#8221; custom_margin_phone=&#8221;|0%||0%|false|true&#8221; custom_margin_last_edited=&#8221;on|phone&#8221; custom_padding=&#8221;25px|25px|25px|25px|true|true&#8221; custom_css_main_element=&#8221;border-radius: 16px;||box-shadow: 0px 2px 18px 5px rgba(51,64,81,.15);&#8221; global_colors_info=&#8221;{}&#8221; theme_builder_area=&#8221;post_content&#8221;]<\/p>\n<p class=\"wpcf7-contact-form-not-found\"><strong>Erro:<\/strong> Formul\u00e1rio de contacto n\u00e3o encontrado.<\/p>\n<p>[\/et_pb_text][\/et_pb_column][\/et_pb_row][\/et_pb_section]<\/p>\n","protected":false},"excerpt":{"rendered":"<p>Gerencia e organiza seus recursosA solu\u00e7\u00e3o que estava procurandoCentralize tudo relacionado \u00e0 gest\u00e3o de pessoal em um s\u00f3 lugar. Nivimu \u00e9 o aplicativo com o qual voc\u00ea poder\u00e1 configurar o hor\u00e1rio de trabalho dos funcion\u00e1rios e ter todas as informa\u00e7\u00f5es sobre o quadro de funcion\u00e1rios da empresa. \u00a0Gest\u00e3o de pessoalOrganize tudo relacionado \u00e0 for\u00e7a de [&hellip;]<\/p>\n","protected":false},"author":1,"featured_media":0,"parent":0,"menu_order":0,"comment_status":"closed","ping_status":"closed","template":"","meta":{"_acf_changed":false,"_et_pb_use_builder":"on","_et_pb_old_content":"","_et_gb_content_width":"","footnotes":""},"class_list":["post-245223","page","type-page","status-publish","hentry"],"acf":[],"_links":{"self":[{"href":"https:\/\/nivimu.com\/pt-pt\/wp-json\/wp\/v2\/pages\/245223","targetHints":{"allow":["GET"]}}],"collection":[{"href":"https:\/\/nivimu.com\/pt-pt\/wp-json\/wp\/v2\/pages"}],"about":[{"href":"https:\/\/nivimu.com\/pt-pt\/wp-json\/wp\/v2\/types\/page"}],"author":[{"embeddable":true,"href":"https:\/\/nivimu.com\/pt-pt\/wp-json\/wp\/v2\/users\/1"}],"replies":[{"embeddable":true,"href":"https:\/\/nivimu.com\/pt-pt\/wp-json\/wp\/v2\/comments?post=245223"}],"version-history":[{"count":0,"href":"https:\/\/nivimu.com\/pt-pt\/wp-json\/wp\/v2\/pages\/245223\/revisions"}],"wp:attachment":[{"href":"https:\/\/nivimu.com\/pt-pt\/wp-json\/wp\/v2\/media?parent=245223"}],"curies":[{"name":"wp","href":"https:\/\/api.w.org\/{rel}","templated":true}]}}